{"id":2074,"date":"2021-11-16T14:43:38","date_gmt":"2021-11-16T13:43:38","guid":{"rendered":"https:\/\/zubovic.com\/?page_id=2074"},"modified":"2024-03-29T17:11:40","modified_gmt":"2024-03-29T16:11:40","slug":"nacini-placila","status":"publish","type":"page","link":"https:\/\/zubovic.com\/sl\/nacini-placila\/","title":{"rendered":"Na\u010dini pla\u010dila"},"content":{"rendered":"<p>Na\u010din pla\u010dila in cena terapije sta pogosto pomembna dejavnika pri izbiri zobozdravnika in odlo\u010ditvi za za\u010detek potrebne terapije.<\/p>\n<p><strong>Na\u010din pla\u010dila in cena terapije<\/strong> sta zelo pogosto <strong>pomembna dejavnika pri izbiri zobozdravnika<\/strong> in <strong>odlo\u010ditvi o vstopu v terapijo<\/strong>. V Polikliniki \u201eDr. Zubovi\u0107\u201c v Zagrebu, <strong>smo zelo prilagodljivi pri na\u010drtu financiranja za katero koli vrsto terapije<\/strong>. Imamo <strong>ve\u010d mo\u017enosti<\/strong>, ki jih lahko bolniku ponudimo, da la\u017eje prenese stro\u0161ke, ki so v\u010dasih lahko visoki.<\/p>\n<div class=\"generic-page-main-content\">\n<h2>Na\u010din pla\u010dila \u2013 na problem pogledamo z va\u0161e perspektive<\/h2>\n<div class=\"custom-text-img-right\">\n<p>Posku\u0161amo <strong>gledati na problem financiranja z va\u0161e perspektive<\/strong> in <strong>prilagoditi finan\u010dni na\u010drt, da bi s terapijo za\u010deli \u010dim prej<\/strong>. Terapija pri odraslih lahko zahteva posredovanje ve\u010d specialnosti, saj je problem mogo\u010de u\u010dinkovito re\u0161iti le z multidisciplinarnim pristopom, ki bo zahteval ve\u010d razli\u010dnih terapij z razli\u010dnimi stro\u0161ki.<\/p>\n<p>Mnenja smo, da je za kakovostno storitev bolje pla\u010dati ve\u010d, kot pa se prepustiti t.i low cost zdravljenju, ki se bo po nekaj letih izkazal za manj uspe\u0161nega.<\/p>\n<p><img decoding=\"async\" class=\"alignnone size-full wp-image-528\" src=\"https:\/\/zubovic.com\/wp-content\/uploads\/2021\/11\/pho_5448-min.jpg\" alt=\"Na\u010din pla\u0107anja ortodontske terapije\" width=\"1280\" height=\"854\" srcset=\"https:\/\/zubovic.com\/wp-content\/uploads\/2021\/11\/pho_5448-min.jpg 1280w, https:\/\/zubovic.com\/wp-content\/uploads\/2021\/11\/pho_5448-min-300x200.jpg 300w, https:\/\/zubovic.com\/wp-content\/uploads\/2021\/11\/pho_5448-min-1024x683.jpg 1024w, https:\/\/zubovic.com\/wp-content\/uploads\/2021\/11\/pho_5448-min-768x512.jpg 768w, https:\/\/zubovic.com\/wp-content\/uploads\/2021\/11\/pho_5448-min-800x534.jpg 800w\" sizes=\"(max-width: 1280px) 100vw, 1280px\" \/><\/p>\n<\/div>\n<h2>Na\u010din pla\u010dila ortodontske terapije<\/h2>\n<div class=\"custom-text-img-left\">\n<p>Ko govorimo o ortodontskih aparatih, je nevidna, lingvalna ortodontija in Invisalign terapija veliko dra\u017eja v primerjavi z zunanjim fiksnim aparatom, ki je cenovno najugodnej\u0161i.<\/p>\n<p>Odvisno od vrste fiksnega ortodontskega aparata, ki ga \u017eelite in ortodontske te\u017eave, ki jo imate, se cena ortodontske terapije razlikuje. Tudi <strong>iste te\u017eave imajo lahko ve\u010d razli\u010dnih re\u0161itev, ki se bistveno razlikujejo po trajanju in ceni ortodontske terapije<\/strong>.<\/p>\n<p>Na prvem pregledu vam bo <a href=\"https:\/\/zubovic.com\/tim\/dr-martina-poldrugac-ortodoncija-i-problemi-zgloba\/\"><strong>Dr. Martina Poldruga\u010d<\/strong><\/a> svetovala kateri ortodontski aparat je za vas najbolj\u0161i in ceno tovrstne terapije.<\/p>\n<p>Na splo\u0161no se cena ortodontske terapije giblje od 10.000 HRK za enostavnej\u0161e primere do 25.000 HRK za obse\u017enej\u0161e primere.<\/p>\n<p>Pacienta sku\u0161amo ob za\u010detku terapije seznaniti z vsemi stro\u0161ki, ki bodo potrebni, da ne pride do kak\u0161nih presene\u010denj.<\/p>\n<p><img decoding=\"async\" class=\"alignnone size-full wp-image-529\" src=\"https:\/\/zubovic.com\/wp-content\/uploads\/2021\/11\/pho_0952-min.jpg\" alt=\"Kako izabrati najboljeg ortodonta?\" width=\"1280\" height=\"568\" srcset=\"https:\/\/zubovic.com\/wp-content\/uploads\/2021\/11\/pho_0952-min.jpg 1280w, https:\/\/zubovic.com\/wp-content\/uploads\/2021\/11\/pho_0952-min-300x133.jpg 300w, https:\/\/zubovic.com\/wp-content\/uploads\/2021\/11\/pho_0952-min-1024x454.jpg 1024w, https:\/\/zubovic.com\/wp-content\/uploads\/2021\/11\/pho_0952-min-768x341.jpg 768w\" sizes=\"(max-width: 1280px) 100vw, 1280px\" \/><\/p>\n<\/div>\n<h2>Kako izbrati najbolj\u0161ega ortodonta?<\/h2>\n<p>Menimo, da je zelo te\u017eko izbrati ortodonta, ugotoviti njegove kvalitete in stopnjo znanja. Mnogi pacienti se po ve\u010dletni ortodontski terapiji obrnejo na nas, da zaklju\u010dimo terapijo, ovrednotimo dosedanje delo ali le podamo svoje mnenje.<\/p>\n<p>Ortodontija je ena od zobozdravstvenih disciplin, ki je lahko zelo \u0161kodljiva in je dolgotrajen proces, vsak ortodont pa dela druga\u010de. Terapijo na\u010drtuje in zaklju\u010duje druga\u010de. Verjamemo, da je klju\u010d do uspeha ortodontske terapije ortodont sam.<\/p>\n<p>Za pomo\u010d pri izbiri najbolj\u0161ega ortodonta (zobozdravnika) smo za vas pripravili kratek vodnik:<\/p>\n<h3>Vodnik do dobrega ortodonta (zobozdravnika)<\/h3>\n<p><strong>Izogibajte se velikim klinikam z velikim \u0161tevilom zaposlenih!<\/strong><\/p>\n<p>Kvalitetni ortodonti (zobozdravniki) obi\u010dajno ne delajo na tak\u0161nih klinikah (\u010deprav ni vedno tako). Tovrstne klinike so poslovni model in bolj kot na zdravje pacienta gledajo na finan\u010dni dobi\u010dek. Obi\u010dajno kupujejo material ne glede na njegovo kakovost, ampak na ceno, da bi bilo vse ceneje. Oseba, odgovorna za nabavo, ni ne ortodont niti zobozdravnik in ne pozna materiala.<\/p>\n<p>Dober material v ortodontiji in zobozdravstvu je praviloma drag, vendar se ga spla\u010da uporabiti, saj obstajajo velike razlike v zaklju\u010dku zdravljenja. Tovrstna ambulanta zni\u017euje stro\u0161ke za pacienta na ra\u010dun materiala, zato morajo temeljiti na obsegu opravljenih pacientov v najkraj\u0161em mo\u017enem \u010dasu. Za ortodonte (zobozdravnike), ki delajo v tovrstnih ambulantah, to delo pogosto ni dolgoro\u010dna re\u0161itev in se preselijo v drugo ambulanto, \u010de se jim ponudi bolj\u0161a prilo\u017enost.<\/p>\n<p><strong>Izberite ortodonta z opravljeno specializacijo iz ortodontije<\/strong><\/p>\n<p>Izberite ortodonta, ki je opravil <strong>3-letno specializacijo iz ortodontije na fakulteti<\/strong>. Na Hrva\u0161kem ni zakona, ki bi zobozdravnikom prepovedoval opravljanje ortodontske dejavnosti, obstajajo pa \u0161tevilni vikend te\u010daji za zobozdravnike, ki za\u010denjajo z ortodontijo. Specializacija seveda ni zagotovilo, vendar je tveganje za napa\u010dno zdravljenje vseeno zmanj\u0161ano.<\/p>\n<p><strong>Kakovosten ortodont vam bo pokazal veliko uspe\u0161no zaklju\u010denih primerov<\/strong><\/p>\n<p>Ob prvem obisku vam bo ortodont pokazal \u0161tevilne prej\u0161nje primere. Ne en ali dva, ampak veliko primerov s popolno diagnostiko, odli\u010dno kakovostjo slik od za\u010detka in konca terapije.<\/p>\n<p>Dober ortodont uporablja ve\u010d razli\u010dnih tehnik in sistemov nosilcev<\/p>\n<p>Dober ortodont uporablja ve\u010d razli\u010dnih tehnik in sistemov nosilcev, ne le eno tehniko. Niso vsi pacienti enaki, nekateri potrebujejo eno terapijo, drugi popolnoma druga\u010dno.<\/p>\n<p>Izogibajte se ortodontu, ki bo \u017ee ob prvem pregledu \u017eelel prodati samo eno tehniko, ki naj bi bila v modi.<\/p>\n<p><strong>Izbira ortodonta glede na ceno<\/strong><\/p>\n<p>Ni vedno najdra\u017eji ortodont najbolj\u0161i, vendar pa je najcenej\u0161i zelo sumljiv. Predlagamo, da izberete ceno, ki je nekoliko nad tr\u017enim povpre\u010djem. To je obi\u010dajno bolj realna cena, ki ni niti zelo draga niti zelo poceni.\u00a0<strong>Prilagojen na\u010din pla\u010dila<\/strong> lahko pacientu bistveno olaj\u0161a odlo\u010ditev o vstopu v terapijo.<\/p>\n<p><strong>Drugo specialisti\u010dno mnenje<\/strong><\/p>\n<p>Spodbujamo vas, da poi\u0161\u010dete drugo mnenje, \u010de vam kaj ni jasno ali vam va\u0161a intuicija pravi, da morate sli\u0161ati ve\u010d.<\/p>\n<p>&nbsp;<\/p>\n<p><img decoding=\"async\" class=\"alignnone wp-image-532 size-full\" src=\"https:\/\/zubovic.com\/wp-content\/uploads\/2021\/11\/PHO_2625-1.jpg\" alt=\"Na\u010dini pla\u0107anja protetske rehabilitacije\" width=\"1721\" height=\"1370\" srcset=\"https:\/\/zubovic.com\/wp-content\/uploads\/2021\/11\/PHO_2625-1.jpg 1721w, https:\/\/zubovic.com\/wp-content\/uploads\/2021\/11\/PHO_2625-1-300x239.jpg 300w, https:\/\/zubovic.com\/wp-content\/uploads\/2021\/11\/PHO_2625-1-1024x815.jpg 1024w, https:\/\/zubovic.com\/wp-content\/uploads\/2021\/11\/PHO_2625-1-768x611.jpg 768w, https:\/\/zubovic.com\/wp-content\/uploads\/2021\/11\/PHO_2625-1-1536x1223.jpg 1536w\" sizes=\"(max-width: 1721px) 100vw, 1721px\" \/><\/p>\n<h2>Na\u010dini pla\u010dila proteti\u010dne rehabilitacije<\/h2>\n<div class=\"custom-text-img-right\">\n<p>Proteti\u010dna rehabilitacija je zahteven proces, in v Polikliniki \u201eDr. Zubovi\u0107\u201c boste videli, da je v marsi\u010dem kompleksnej\u0161a in temeljitej\u0161a od drugih ordinacij. Ker ima na\u0161a delovna filozofija \u0161tevilne cilje, ki vodijo do splo\u0161nega zdravja, gledamo na te\u017eave \u0161ir\u0161e in za\u010dnemo <strong>s terapijo sklepa<\/strong>, tj. obse\u017eno rehabilitacijsko terapijo, ki se v glavnem za\u010dne z <strong>opornicami<\/strong> za doseganje stabilnosti in zdravja sklepa, nato pa se vklju\u010dijo tehniki v proces, ki kot bi delali na projektu, oblikujejo va\u0161 nasmeh.<\/p>\n<p>Tudi v tem primeru, tako kot pri ortodontiji, postopek traja dolgo, odvisno od zahtevnosti posega in potrebe po sodelovanju ve\u010d strokovnjakov. Za la\u017eje financiranje celotne rehabilitacije se seveda pred za\u010detkom terapije za pacienta izdela <strong>natan\u010den finan\u010dni na\u010drt<\/strong>.<\/p>\n<\/div>\n<\/div>\n","protected":false},"excerpt":{"rendered":"<p>Na\u010din pla\u010dila in cena terapije sta pogosto pomembna dejavnika pri izbiri zobozdravnika in odlo\u010ditvi za za\u010detek potrebne terapije. Na\u010din pla\u010dila in cena terapije sta zelo pogosto pomembna dejavnika pri izbiri &#8230;<\/p>\n","protected":false},"author":1,"featured_media":1433,"parent":0,"menu_order":3,"comment_status":"closed","ping_status":"closed","template":"","meta":{"_acf_changed":false,"inline_featured_image":false,"footnotes":""},"class_list":["post-2074","page","type-page","status-publish","has-post-thumbnail","hentry"],"acf":[],"yoast_head":"<!-- This site is optimized with the Yoast SEO plugin v27.3 - https:\/\/yoast.com\/product\/yoast-seo-wordpress\/ -->\n<title>Na\u010dini pla\u010dila - Stomatolo&scaron;ka Poliklinika u Zagrebu dr. Zubovi\u0107<\/title>\n<meta name=\"robots\" content=\"index, follow, max-snippet:-1, max-image-preview:large, max-video-preview:-1\" \/>\n<link rel=\"canonical\" href=\"https:\/\/zubovic.com\/sl\/nacini-placila\/\" \/>\n<meta property=\"og:locale\" content=\"sl_SI\" \/>\n<meta property=\"og:type\" content=\"article\" \/>\n<meta property=\"og:title\" content=\"Na\u010dini pla\u010dila - Stomatolo&scaron;ka Poliklinika u Zagrebu dr. Zubovi\u0107\" \/>\n<meta property=\"og:description\" content=\"Na\u010din pla\u010dila in cena terapije sta pogosto pomembna dejavnika pri izbiri zobozdravnika in odlo\u010ditvi za za\u010detek potrebne terapije. Na\u010din pla\u010dila in cena terapije sta zelo pogosto pomembna dejavnika pri izbiri ...\" \/>\n<meta property=\"og:url\" content=\"https:\/\/zubovic.com\/sl\/nacini-placila\/\" \/>\n<meta property=\"og:site_name\" content=\"Stomatolo&scaron;ka Poliklinika u Zagrebu dr. Zubovi\u0107\" \/>\n<meta property=\"article:modified_time\" content=\"2024-03-29T16:11:40+00:00\" \/>\n<meta property=\"og:image\" content=\"https:\/\/zubovic.com\/wp-content\/uploads\/2021\/10\/PHO_2682.jpg\" \/>\n\t<meta property=\"og:image:width\" content=\"1920\" \/>\n\t<meta property=\"og:image:height\" content=\"847\" \/>\n\t<meta property=\"og:image:type\" content=\"image\/jpeg\" \/>\n<meta name=\"twitter:card\" content=\"summary_large_image\" \/>\n<meta name=\"twitter:label1\" content=\"Est. reading time\" \/>\n\t<meta name=\"twitter:data1\" content=\"6 minut\" \/>\n<script type=\"application\/ld+json\" class=\"yoast-schema-graph\">{\"@context\":\"https:\\\/\\\/schema.org\",\"@graph\":[{\"@type\":\"WebPage\",\"@id\":\"https:\\\/\\\/zubovic.com\\\/sl\\\/nacini-placila\\\/\",\"url\":\"https:\\\/\\\/zubovic.com\\\/sl\\\/nacini-placila\\\/\",\"name\":\"Na\u010dini pla\u010dila - Stomatolo&scaron;ka Poliklinika u Zagrebu dr. Zubovi\u0107\",\"isPartOf\":{\"@id\":\"https:\\\/\\\/zubovic.com\\\/sl\\\/#website\"},\"primaryImageOfPage\":{\"@id\":\"https:\\\/\\\/zubovic.com\\\/sl\\\/nacini-placila\\\/#primaryimage\"},\"image\":{\"@id\":\"https:\\\/\\\/zubovic.com\\\/sl\\\/nacini-placila\\\/#primaryimage\"},\"thumbnailUrl\":\"https:\\\/\\\/zubovic.com\\\/wp-content\\\/uploads\\\/2021\\\/10\\\/PHO_2682.jpg\",\"datePublished\":\"2021-11-16T13:43:38+00:00\",\"dateModified\":\"2024-03-29T16:11:40+00:00\",\"breadcrumb\":{\"@id\":\"https:\\\/\\\/zubovic.com\\\/sl\\\/nacini-placila\\\/#breadcrumb\"},\"inLanguage\":\"sl-SI\",\"potentialAction\":[{\"@type\":\"ReadAction\",\"target\":[\"https:\\\/\\\/zubovic.com\\\/sl\\\/nacini-placila\\\/\"]}]},{\"@type\":\"ImageObject\",\"inLanguage\":\"sl-SI\",\"@id\":\"https:\\\/\\\/zubovic.com\\\/sl\\\/nacini-placila\\\/#primaryimage\",\"url\":\"https:\\\/\\\/zubovic.com\\\/wp-content\\\/uploads\\\/2021\\\/10\\\/PHO_2682.jpg\",\"contentUrl\":\"https:\\\/\\\/zubovic.com\\\/wp-content\\\/uploads\\\/2021\\\/10\\\/PHO_2682.jpg\",\"width\":1920,\"height\":847},{\"@type\":\"BreadcrumbList\",\"@id\":\"https:\\\/\\\/zubovic.com\\\/sl\\\/nacini-placila\\\/#breadcrumb\",\"itemListElement\":[{\"@type\":\"ListItem\",\"position\":1,\"name\":\"Po\u010detna stranica\",\"item\":\"https:\\\/\\\/zubovic.com\\\/sl\\\/zacetna\\\/\"},{\"@type\":\"ListItem\",\"position\":2,\"name\":\"Na\u010dini pla\u010dila\"}]},{\"@type\":\"WebSite\",\"@id\":\"https:\\\/\\\/zubovic.com\\\/sl\\\/#website\",\"url\":\"https:\\\/\\\/zubovic.com\\\/sl\\\/\",\"name\":\"Stomatolo&scaron;ka Poliklinika u Zagrebu dr. Zubovi\u0107\",\"description\":\"Stomatolog u Zagrebu\",\"publisher\":{\"@id\":\"https:\\\/\\\/zubovic.com\\\/sl\\\/#organization\"},\"potentialAction\":[{\"@type\":\"SearchAction\",\"target\":{\"@type\":\"EntryPoint\",\"urlTemplate\":\"https:\\\/\\\/zubovic.com\\\/sl\\\/?s={search_term_string}\"},\"query-input\":{\"@type\":\"PropertyValueSpecification\",\"valueRequired\":true,\"valueName\":\"search_term_string\"}}],\"inLanguage\":\"sl-SI\"},{\"@type\":\"Organization\",\"@id\":\"https:\\\/\\\/zubovic.com\\\/sl\\\/#organization\",\"name\":\"Stomatolo&scaron;ka Poliklinika u Zagrebu dr. Zubovi\u0107\",\"url\":\"https:\\\/\\\/zubovic.com\\\/sl\\\/\",\"logo\":{\"@type\":\"ImageObject\",\"inLanguage\":\"sl-SI\",\"@id\":\"https:\\\/\\\/zubovic.com\\\/sl\\\/#\\\/schema\\\/logo\\\/image\\\/\",\"url\":\"https:\\\/\\\/zubovic.com\\\/wp-content\\\/uploads\\\/2021\\\/10\\\/logo.svg\",\"contentUrl\":\"https:\\\/\\\/zubovic.com\\\/wp-content\\\/uploads\\\/2021\\\/10\\\/logo.svg\",\"width\":233,\"height\":67,\"caption\":\"Stomatolo&scaron;ka Poliklinika u Zagrebu dr. Zubovi\u0107\"},\"image\":{\"@id\":\"https:\\\/\\\/zubovic.com\\\/sl\\\/#\\\/schema\\\/logo\\\/image\\\/\"}}]}<\/script>\n<!-- \/ Yoast SEO plugin. -->","yoast_head_json":{"title":"Na\u010dini pla\u010dila - Stomatolo&scaron;ka Poliklinika u Zagrebu dr. Zubovi\u0107","robots":{"index":"index","follow":"follow","max-snippet":"max-snippet:-1","max-image-preview":"max-image-preview:large","max-video-preview":"max-video-preview:-1"},"canonical":"https:\/\/zubovic.com\/sl\/nacini-placila\/","og_locale":"sl_SI","og_type":"article","og_title":"Na\u010dini pla\u010dila - Stomatolo&scaron;ka Poliklinika u Zagrebu dr. Zubovi\u0107","og_description":"Na\u010din pla\u010dila in cena terapije sta pogosto pomembna dejavnika pri izbiri zobozdravnika in odlo\u010ditvi za za\u010detek potrebne terapije. Na\u010din pla\u010dila in cena terapije sta zelo pogosto pomembna dejavnika pri izbiri ...","og_url":"https:\/\/zubovic.com\/sl\/nacini-placila\/","og_site_name":"Stomatolo&scaron;ka Poliklinika u Zagrebu dr. Zubovi\u0107","article_modified_time":"2024-03-29T16:11:40+00:00","og_image":[{"width":1920,"height":847,"url":"https:\/\/zubovic.com\/wp-content\/uploads\/2021\/10\/PHO_2682.jpg","type":"image\/jpeg"}],"twitter_card":"summary_large_image","twitter_misc":{"Est. reading time":"6 minut"},"schema":{"@context":"https:\/\/schema.org","@graph":[{"@type":"WebPage","@id":"https:\/\/zubovic.com\/sl\/nacini-placila\/","url":"https:\/\/zubovic.com\/sl\/nacini-placila\/","name":"Na\u010dini pla\u010dila - Stomatolo&scaron;ka Poliklinika u Zagrebu dr. Zubovi\u0107","isPartOf":{"@id":"https:\/\/zubovic.com\/sl\/#website"},"primaryImageOfPage":{"@id":"https:\/\/zubovic.com\/sl\/nacini-placila\/#primaryimage"},"image":{"@id":"https:\/\/zubovic.com\/sl\/nacini-placila\/#primaryimage"},"thumbnailUrl":"https:\/\/zubovic.com\/wp-content\/uploads\/2021\/10\/PHO_2682.jpg","datePublished":"2021-11-16T13:43:38+00:00","dateModified":"2024-03-29T16:11:40+00:00","breadcrumb":{"@id":"https:\/\/zubovic.com\/sl\/nacini-placila\/#breadcrumb"},"inLanguage":"sl-SI","potentialAction":[{"@type":"ReadAction","target":["https:\/\/zubovic.com\/sl\/nacini-placila\/"]}]},{"@type":"ImageObject","inLanguage":"sl-SI","@id":"https:\/\/zubovic.com\/sl\/nacini-placila\/#primaryimage","url":"https:\/\/zubovic.com\/wp-content\/uploads\/2021\/10\/PHO_2682.jpg","contentUrl":"https:\/\/zubovic.com\/wp-content\/uploads\/2021\/10\/PHO_2682.jpg","width":1920,"height":847},{"@type":"BreadcrumbList","@id":"https:\/\/zubovic.com\/sl\/nacini-placila\/#breadcrumb","itemListElement":[{"@type":"ListItem","position":1,"name":"Po\u010detna stranica","item":"https:\/\/zubovic.com\/sl\/zacetna\/"},{"@type":"ListItem","position":2,"name":"Na\u010dini pla\u010dila"}]},{"@type":"WebSite","@id":"https:\/\/zubovic.com\/sl\/#website","url":"https:\/\/zubovic.com\/sl\/","name":"Stomatolo&scaron;ka Poliklinika u Zagrebu dr. Zubovi\u0107","description":"Stomatolog u Zagrebu","publisher":{"@id":"https:\/\/zubovic.com\/sl\/#organization"},"potentialAction":[{"@type":"SearchAction","target":{"@type":"EntryPoint","urlTemplate":"https:\/\/zubovic.com\/sl\/?s={search_term_string}"},"query-input":{"@type":"PropertyValueSpecification","valueRequired":true,"valueName":"search_term_string"}}],"inLanguage":"sl-SI"},{"@type":"Organization","@id":"https:\/\/zubovic.com\/sl\/#organization","name":"Stomatolo&scaron;ka Poliklinika u Zagrebu dr. Zubovi\u0107","url":"https:\/\/zubovic.com\/sl\/","logo":{"@type":"ImageObject","inLanguage":"sl-SI","@id":"https:\/\/zubovic.com\/sl\/#\/schema\/logo\/image\/","url":"https:\/\/zubovic.com\/wp-content\/uploads\/2021\/10\/logo.svg","contentUrl":"https:\/\/zubovic.com\/wp-content\/uploads\/2021\/10\/logo.svg","width":233,"height":67,"caption":"Stomatolo&scaron;ka Poliklinika u Zagrebu dr. Zubovi\u0107"},"image":{"@id":"https:\/\/zubovic.com\/sl\/#\/schema\/logo\/image\/"}}]}},"_links":{"self":[{"href":"https:\/\/zubovic.com\/sl\/wp-json\/wp\/v2\/pages\/2074","targetHints":{"allow":["GET"]}}],"collection":[{"href":"https:\/\/zubovic.com\/sl\/wp-json\/wp\/v2\/pages"}],"about":[{"href":"https:\/\/zubovic.com\/sl\/wp-json\/wp\/v2\/types\/page"}],"author":[{"embeddable":true,"href":"https:\/\/zubovic.com\/sl\/wp-json\/wp\/v2\/users\/1"}],"replies":[{"embeddable":true,"href":"https:\/\/zubovic.com\/sl\/wp-json\/wp\/v2\/comments?post=2074"}],"version-history":[{"count":1,"href":"https:\/\/zubovic.com\/sl\/wp-json\/wp\/v2\/pages\/2074\/revisions"}],"predecessor-version":[{"id":2075,"href":"https:\/\/zubovic.com\/sl\/wp-json\/wp\/v2\/pages\/2074\/revisions\/2075"}],"wp:featuredmedia":[{"embeddable":true,"href":"https:\/\/zubovic.com\/sl\/wp-json\/wp\/v2\/media\/1433"}],"wp:attachment":[{"href":"https:\/\/zubovic.com\/sl\/wp-json\/wp\/v2\/media?parent=2074"}],"curies":[{"name":"wp","href":"https:\/\/api.w.org\/{rel}","templated":true}]}}